{"id":14789,"date":"2021-02-25T18:39:47","date_gmt":"2021-02-25T17:39:47","guid":{"rendered":"https:\/\/klinika-weterynaryjna.com\/?page_id=14789"},"modified":"2022-01-18T23:12:20","modified_gmt":"2022-01-18T22:12:20","slug":"wizyty-domowe","status":"publish","type":"page","link":"https:\/\/klinika-weterynaryjna.com\/index.php\/wizyty-domowe\/","title":{"rendered":"Wizyty domowe"},"content":{"rendered":"\t\t<div data-elementor-type=\"wp-page\" data-elementor-id=\"14789\" class=\"elementor elementor-14789\" data-elementor-settings=\"[]\">\n\t\t\t\t\t\t<div class=\"elementor-inner\">\n\t\t\t\t\t\t\t<div class=\"elementor-section-wrap\">\n\t\t\t\t\t\t\t<section data-particle_enable=\"false\" data-particle-mobile-disabled=\"false\" class=\"elementor-section elementor-top-section elementor-element elementor-element-82a9856 elementor-section-stretched elementor-section-boxed elementor-section-height-default elementor-section-height-default\" data-id=\"82a9856\" data-element_type=\"section\" data-settings=\"{&quot;stretch_section&quot;:&quot;section-stretched&quot;,&quot;background_background&quot;:&quot;classic&quot;,&quot;shape_divider_top&quot;:&quot;mountains&quot;,&quot;shape_divider_bottom&quot;:&quot;mountains&quot;}\">\n\t\t\t\t\t\t\t<div class=\"elementor-background-overlay\"><\/div>\n\t\t\t\t\t\t<div class=\"elementor-shape elementor-shape-top\" data-negative=\"false\">\n\t\t\t<svg xmlns=\"http:\/\/www.w3.org\/2000\/svg\" viewBox=\"0 0 1000 100\" preserveAspectRatio=\"none\">\n\t<path class=\"elementor-shape-fill\" opacity=\"0.33\" d=\"M473,67.3c-203.9,88.3-263.1-34-320.3,0C66,119.1,0,59.7,0,59.7V0h1000v59.7 c0,0-62.1,26.1-94.9,29.3c-32.8,3.3-62.8-12.3-75.8-22.1C806,49.6,745.3,8.7,694.9,4.7S492.4,59,473,67.3z\"\/>\n\t<path class=\"elementor-shape-fill\" opacity=\"0.66\" d=\"M734,67.3c-45.5,0-77.2-23.2-129.1-39.1c-28.6-8.7-150.3-10.1-254,39.1 s-91.7-34.4-149.2,0C115.7,118.3,0,39.8,0,39.8V0h1000v36.5c0,0-28.2-18.5-92.1-18.5C810.2,18.1,775.7,67.3,734,67.3z\"\/>\n\t<path class=\"elementor-shape-fill\" d=\"M766.1,28.9c-200-57.5-266,65.5-395.1,19.5C242,1.8,242,5.4,184.8,20.6C128,35.8,132.3,44.9,89.9,52.5C28.6,63.7,0,0,0,0 h1000c0,0-9.9,40.9-83.6,48.1S829.6,47,766.1,28.9z\"\/>\n<\/svg>\t\t<\/div>\n\t\t\t\t<div class=\"elementor-shape elementor-shape-bottom\" data-negative=\"false\">\n\t\t\t<svg xmlns=\"http:\/\/www.w3.org\/2000\/svg\" viewBox=\"0 0 1000 100\" preserveAspectRatio=\"none\">\n\t<path class=\"elementor-shape-fill\" opacity=\"0.33\" d=\"M473,67.3c-203.9,88.3-263.1-34-320.3,0C66,119.1,0,59.7,0,59.7V0h1000v59.7 c0,0-62.1,26.1-94.9,29.3c-32.8,3.3-62.8-12.3-75.8-22.1C806,49.6,745.3,8.7,694.9,4.7S492.4,59,473,67.3z\"\/>\n\t<path class=\"elementor-shape-fill\" opacity=\"0.66\" d=\"M734,67.3c-45.5,0-77.2-23.2-129.1-39.1c-28.6-8.7-150.3-10.1-254,39.1 s-91.7-34.4-149.2,0C115.7,118.3,0,39.8,0,39.8V0h1000v36.5c0,0-28.2-18.5-92.1-18.5C810.2,18.1,775.7,67.3,734,67.3z\"\/>\n\t<path class=\"elementor-shape-fill\" d=\"M766.1,28.9c-200-57.5-266,65.5-395.1,19.5C242,1.8,242,5.4,184.8,20.6C128,35.8,132.3,44.9,89.9,52.5C28.6,63.7,0,0,0,0 h1000c0,0-9.9,40.9-83.6,48.1S829.6,47,766.1,28.9z\"\/>\n<\/svg>\t\t<\/div>\n\t\t\t\t\t<div class=\"elementor-container elementor-column-gap-default\">\n\t\t\t\t\t\t\t<div class=\"elementor-row\">\n\t\t\t\t\t<div class=\"elementor-column elementor-col-100 elementor-top-column elementor-element elementor-element-b3c9641\" data-id=\"b3c9641\" data-element_type=\"column\">\n\t\t\t<div class=\"elementor-column-wrap elementor-element-populated\">\n\t\t\t\t\t\t\t<div class=\"elementor-widget-wrap\">\n\t\t\t\t\t\t<div class=\"elementor-element elementor-element-a5dcf18 elementor-widget elementor-widget-pix-sliding-text\" data-id=\"a5dcf18\" data-element_type=\"widget\" data-widget_type=\"pix-sliding-text.default\">\n\t\t\t\t<div class=\"elementor-widget-container\">\n\t\t\t<div class=\"mb-3 text-left \"><div class=\"d-inline-block\" style=\"max-width:800px;\"><h1 class=\"mb-32 pix-sliding-headline font-weight-bold secondary-font\" data-class=\"text-white\" data-style=\"\">Wizyty domowe<\/h1><\/div><\/div>\t\t<\/div>\n\t\t\t\t<\/div>\n\t\t\t\t<div class=\"elementor-element elementor-element-23d6aeb elementor-widget__width-auto elementor-widget elementor-widget-pix-button\" data-id=\"23d6aeb\" data-element_type=\"widget\" data-widget_type=\"pix-button.default\">\n\t\t\t\t<div class=\"elementor-widget-container\">\n\t\t\t<a href=\"#lokalizacje\" class=\"btn m-0    shadow-sm btn-secondary d-inline-block pix-hover-item       animate-in btn-md\"   data-anim-type=\"fade-in-left\" data-anim-delay=\"600\" ><i class=\"font-weight-bold pixicon-map-pin-1-circle  pix-hover-left  mr-1\"><\/i> <span class=\"font-weight-bold \" >Nasze lokalizacje<\/span><\/a>\t\t<\/div>\n\t\t\t\t<\/div>\n\t\t\t\t<div class=\"elementor-element elementor-element-059b69e elementor-widget__width-auto elementor-widget elementor-widget-pix-button\" data-id=\"059b69e\" data-element_type=\"widget\" data-widget_type=\"pix-button.default\">\n\t\t\t\t<div class=\"elementor-widget-container\">\n\t\t\t<a href=\"http:\/\/klinika-weterynaryjna.com\/index.php\/kontakt\/\" class=\"btn m-0    shadow-sm btn-primary d-inline-block pix-hover-item       animate-in btn-md\"   data-anim-type=\"fade-in-left\" data-anim-delay=\"600\" ><i class=\"font-weight-bold pixicon-phone  pix-hover-left  mr-1\"><\/i> <span class=\"font-weight-bold \" >Kontakt z nami<\/span><\/a>\t\t<\/div>\n\t\t\t\t<\/div>\n\t\t\t\t<div class=\"elementor-element elementor-element-0bb8e89 elementor-widget elementor-widget-spacer\" data-id=\"0bb8e89\" data-element_type=\"widget\" data-widget_type=\"spacer.default\">\n\t\t\t\t<div class=\"elementor-widget-container\">\n\t\t\t\t\t<div class=\"elementor-spacer\">\n\t\t\t<div class=\"elementor-spacer-inner\"><\/div>\n\t\t<\/div>\n\t\t\t\t<\/div>\n\t\t\t\t<\/div>\n\t\t\t\t\t\t<\/div>\n\t\t\t\t\t<\/div>\n\t\t<\/div>\n\t\t\t\t\t\t\t\t<\/div>\n\t\t\t\t\t<\/div>\n\t\t<\/section>\n\t\t\t\t<section data-particle_enable=\"false\" data-particle-mobile-disabled=\"false\" class=\"elementor-section elementor-top-section elementor-element elementor-element-6c8608f elementor-section-boxed elementor-section-height-default elementor-section-height-default\" data-id=\"6c8608f\" data-element_type=\"section\">\n\t\t\t\t\t\t<div class=\"elementor-container elementor-column-gap-default\">\n\t\t\t\t\t\t\t<div class=\"elementor-row\">\n\t\t\t\t\t<div class=\"elementor-column elementor-col-100 elementor-top-column elementor-element elementor-element-69662c2\" data-id=\"69662c2\" data-element_type=\"column\">\n\t\t\t<div class=\"elementor-column-wrap elementor-element-populated\">\n\t\t\t\t\t\t\t<div class=\"elementor-widget-wrap\">\n\t\t\t\t\t\t<div class=\"elementor-element elementor-element-5e7966b elementor-widget elementor-widget-spacer\" data-id=\"5e7966b\" data-element_type=\"widget\" data-widget_type=\"spacer.default\">\n\t\t\t\t<div class=\"elementor-widget-container\">\n\t\t\t\t\t<div class=\"elementor-spacer\">\n\t\t\t<div class=\"elementor-spacer-inner\"><\/div>\n\t\t<\/div>\n\t\t\t\t<\/div>\n\t\t\t\t<\/div>\n\t\t\t\t<div class=\"elementor-element elementor-element-80d20ce elementor-widget elementor-widget-heading\" data-id=\"80d20ce\" data-element_type=\"widget\" data-widget_type=\"heading.default\">\n\t\t\t\t<div class=\"elementor-widget-container\">\n\t\t\t<h3 class=\"elementor-heading-title elementor-size-default\">Realizujemy leczenie w najmniej stresuj\u0105cym miejscu.<\/h3>\t\t<\/div>\n\t\t\t\t<\/div>\n\t\t\t\t<div class=\"elementor-element elementor-element-ee9683e elementor-widget-divider--view-line elementor-widget elementor-widget-divider\" data-id=\"ee9683e\" data-element_type=\"widget\" data-widget_type=\"divider.default\">\n\t\t\t\t<div class=\"elementor-widget-container\">\n\t\t\t\t\t<div class=\"elementor-divider\">\n\t\t\t<span class=\"elementor-divider-separator\">\n\t\t\t\t\t\t<\/span>\n\t\t<\/div>\n\t\t\t\t<\/div>\n\t\t\t\t<\/div>\n\t\t\t\t\t\t<\/div>\n\t\t\t\t\t<\/div>\n\t\t<\/div>\n\t\t\t\t\t\t\t\t<\/div>\n\t\t\t\t\t<\/div>\n\t\t<\/section>\n\t\t\t\t<section data-particle_enable=\"false\" data-particle-mobile-disabled=\"false\" class=\"elementor-section elementor-top-section elementor-element elementor-element-a271a76 elementor-section-boxed elementor-section-height-default elementor-section-height-default\" data-id=\"a271a76\" data-element_type=\"section\">\n\t\t\t\t\t\t<div class=\"elementor-container elementor-column-gap-default\">\n\t\t\t\t\t\t\t<div class=\"elementor-row\">\n\t\t\t\t\t<div class=\"elementor-column elementor-col-50 elementor-top-column elementor-element elementor-element-8b52f60\" data-id=\"8b52f60\" data-element_type=\"column\">\n\t\t\t<div class=\"elementor-column-wrap elementor-element-populated\">\n\t\t\t\t\t\t\t<div class=\"elementor-widget-wrap\">\n\t\t\t\t\t\t<div class=\"elementor-element elementor-element-0ee60f5 elementor-widget elementor-widget-heading\" data-id=\"0ee60f5\" data-element_type=\"widget\" data-widget_type=\"heading.default\">\n\t\t\t\t<div class=\"elementor-widget-container\">\n\t\t\t<h4 class=\"elementor-heading-title elementor-size-default\">Gdy Tw\u00f3j pupil jest bardzo emocjonalny i wizyta w gabinecie weterynaryjnym kosztuje go\ndu\u017co stresu, lub nie masz jak dojecha\u0107, lub chcesz \u017ceby ostatnie po\u017cegnanie odby\u0142o si\u0119 w\nzaciszu domowym - realizujemy wizyty indywidualne.<\/h4>\t\t<\/div>\n\t\t\t\t<\/div>\n\t\t\t\t\t\t<\/div>\n\t\t\t\t\t<\/div>\n\t\t<\/div>\n\t\t\t\t<div class=\"elementor-column elementor-col-50 elementor-top-column elementor-element elementor-element-db84805\" data-id=\"db84805\" data-element_type=\"column\">\n\t\t\t<div class=\"elementor-column-wrap elementor-element-populated\">\n\t\t\t\t\t\t\t<div class=\"elementor-widget-wrap\">\n\t\t\t\t\t\t<div class=\"elementor-element elementor-element-062f949 elementor-widget elementor-widget-image\" data-id=\"062f949\" data-element_type=\"widget\" data-widget_type=\"image.default\">\n\t\t\t\t<div class=\"elementor-widget-container\">\n\t\t\t\t\t\t\t\t<div class=\"elementor-image\">\n\t\t\t\t\t\t\t\t\t\t\t\t<img loading=\"lazy\" decoding=\"async\" width=\"640\" height=\"426\" src=\"https:\/\/klinika-weterynaryjna.com\/wp-content\/uploads\/2022\/01\/pies-w-lozku.jpg\" class=\"attachment-large size-large\" alt=\"\" srcset=\"https:\/\/klinika-weterynaryjna.com\/wp-content\/uploads\/2022\/01\/pies-w-lozku.jpg 860w, https:\/\/klinika-weterynaryjna.com\/wp-content\/uploads\/2022\/01\/pies-w-lozku-300x200.jpg 300w, https:\/\/klinika-weterynaryjna.com\/wp-content\/uploads\/2022\/01\/pies-w-lozku-768x512.jpg 768w\" sizes=\"auto, (max-width: 640px) 100vw, 640px\" \/>\t\t\t\t\t\t\t\t\t\t\t\t\t\t<\/div>\n\t\t\t\t\t\t<\/div>\n\t\t\t\t<\/div>\n\t\t\t\t\t\t<\/div>\n\t\t\t\t\t<\/div>\n\t\t<\/div>\n\t\t\t\t\t\t\t\t<\/div>\n\t\t\t\t\t<\/div>\n\t\t<\/section>\n\t\t\t\t<section data-particle_enable=\"false\" data-particle-mobile-disabled=\"false\" class=\"elementor-section elementor-top-section elementor-element elementor-element-888f273 elementor-section-boxed elementor-section-height-default elementor-section-height-default\" data-id=\"888f273\" data-element_type=\"section\">\n\t\t\t\t\t\t<div class=\"elementor-container elementor-column-gap-default\">\n\t\t\t\t\t\t\t<div class=\"elementor-row\">\n\t\t\t\t\t<div class=\"elementor-column elementor-col-100 elementor-top-column elementor-element elementor-element-64edca9\" data-id=\"64edca9\" data-element_type=\"column\">\n\t\t\t<div class=\"elementor-column-wrap elementor-element-populated\">\n\t\t\t\t\t\t\t<div class=\"elementor-widget-wrap\">\n\t\t\t\t\t\t<div class=\"elementor-element elementor-element-92043a9 elementor-widget-divider--view-line elementor-widget elementor-widget-divider\" data-id=\"92043a9\" data-element_type=\"widget\" data-widget_type=\"divider.default\">\n\t\t\t\t<div class=\"elementor-widget-container\">\n\t\t\t\t\t<div class=\"elementor-divider\">\n\t\t\t<span class=\"elementor-divider-separator\">\n\t\t\t\t\t\t<\/span>\n\t\t<\/div>\n\t\t\t\t<\/div>\n\t\t\t\t<\/div>\n\t\t\t\t<div class=\"elementor-element elementor-element-e7155eb elementor-widget elementor-widget-spacer\" data-id=\"e7155eb\" data-element_type=\"widget\" data-widget_type=\"spacer.default\">\n\t\t\t\t<div class=\"elementor-widget-container\">\n\t\t\t\t\t<div class=\"elementor-spacer\">\n\t\t\t<div class=\"elementor-spacer-inner\"><\/div>\n\t\t<\/div>\n\t\t\t\t<\/div>\n\t\t\t\t<\/div>\n\t\t\t\t\t\t<\/div>\n\t\t\t\t\t<\/div>\n\t\t<\/div>\n\t\t\t\t\t\t\t\t<\/div>\n\t\t\t\t\t<\/div>\n\t\t<\/section>\n\t\t\t\t<section data-particle_enable=\"false\" data-particle-mobile-disabled=\"false\" class=\"elementor-section elementor-top-section elementor-element elementor-element-4d2a768 elementor-section-boxed elementor-section-height-default elementor-section-height-default\" data-id=\"4d2a768\" data-element_type=\"section\">\n\t\t\t\t\t\t<div class=\"elementor-container elementor-column-gap-default\">\n\t\t\t\t\t\t\t<div class=\"elementor-row\">\n\t\t\t\t\t<div class=\"elementor-column elementor-col-33 elementor-top-column elementor-element elementor-element-2c80ab3\" data-id=\"2c80ab3\" data-element_type=\"column\">\n\t\t\t<div class=\"elementor-column-wrap elementor-element-populated\">\n\t\t\t\t\t\t\t<div class=\"elementor-widget-wrap\">\n\t\t\t\t\t\t<div class=\"elementor-element elementor-element-03aa30c elementor-widget elementor-widget-text-editor\" data-id=\"03aa30c\" data-element_type=\"widget\" data-widget_type=\"text-editor.default\">\n\t\t\t\t<div class=\"elementor-widget-container\">\n\t\t\t\t\t\t\t\t<div class=\"elementor-text-editor elementor-clearfix\">\n\t\t\t\t<p style=\"text-align: center;\"><strong>\u015awiadczymy r\u00f3wnie\u017c us\u0142ugi weterynaryjne podczas wizyt domowych w sytuacjach uniemo\u017cliwiaj\u0105cych dostarczenie zwierz\u0119cia do naszych oddzia\u0142\u00f3w.<br \/><br \/><\/strong><\/p><h3 style=\"text-align: center;\">Prosimy o umawianie wizyt pod numerem telefonu<br \/><strong>Kliniki Weterynaryjnej w Komornikach <\/strong><br \/><strong>(61) 810 76 50<br \/><br \/><\/strong><\/h3><p style=\"text-align: center;\"><strong>W nag\u0142ych wypadkach wymagaj\u0105cych specjalistycznej interwencji mamy mo\u017cliwo\u015b\u0107 przeprowadzenia wizyty domowej przy u\u017cyciu Ambulansu weterynaryjnego &#8211; jest to profesjonalna karetka pogotowia weterynaryjnego, dzia\u0142aj\u0105ca przy Klinice Weterynaryjnej w Komornikach, wyposa\u017cona w st\u00f3\u0142 zabiegowy, zestaw narz\u0119dzi i lek\u00f3w do bezpo\u015bredniego ratowania \u017cycia, instalacj\u0119 tlenow\u0105, monitoring czynno\u015bci \u017cyciowych, EKG, USG oraz klatki do przewozu zwierz\u0105t. W nowocze\u015bnie wyposa\u017conym Ambulansie weterynaryjnym mog\u0105 Pa\u0144stwo liczy\u0107 na profesjonaln\u0105 opiek\u0119 medyczn\u0105 dla Pa\u0144stwa pupila oferowan\u0105 przez naszych lekarzy i technik\u00f3w weterynarii oraz w razie potrzeby, po udzieleniu pierwszej pomocy, szybki transport do jednego z naszych oddzia\u0142\u00f3w.<\/strong><\/p>\t\t\t\t\t<\/div>\n\t\t\t\t\t\t<\/div>\n\t\t\t\t<\/div>\n\t\t\t\t<div class=\"elementor-element elementor-element-28fe57f elementor-widget elementor-widget-spacer\" data-id=\"28fe57f\" data-element_type=\"widget\" data-widget_type=\"spacer.default\">\n\t\t\t\t<div class=\"elementor-widget-container\">\n\t\t\t\t\t<div class=\"elementor-spacer\">\n\t\t\t<div class=\"elementor-spacer-inner\"><\/div>\n\t\t<\/div>\n\t\t\t\t<\/div>\n\t\t\t\t<\/div>\n\t\t\t\t<div class=\"elementor-element elementor-element-7691476 elementor-widget elementor-widget-image\" data-id=\"7691476\" data-element_type=\"widget\" data-widget_type=\"image.default\">\n\t\t\t\t<div class=\"elementor-widget-container\">\n\t\t\t\t\t\t\t\t<div class=\"elementor-image\">\n\t\t\t\t\t\t\t\t\t\t\t\t<img loading=\"lazy\" decoding=\"async\" width=\"640\" height=\"428\" src=\"https:\/\/klinika-weterynaryjna.com\/wp-content\/uploads\/2021\/03\/Ambulans_5.jpg\" class=\"attachment-large size-large\" alt=\"\" srcset=\"https:\/\/klinika-weterynaryjna.com\/wp-content\/uploads\/2021\/03\/Ambulans_5.jpg 1000w, https:\/\/klinika-weterynaryjna.com\/wp-content\/uploads\/2021\/03\/Ambulans_5-300x201.jpg 300w, https:\/\/klinika-weterynaryjna.com\/wp-content\/uploads\/2021\/03\/Ambulans_5-768x514.jpg 768w\" sizes=\"auto, (max-width: 640px) 100vw, 640px\" \/>\t\t\t\t\t\t\t\t\t\t\t\t\t\t<\/div>\n\t\t\t\t\t\t<\/div>\n\t\t\t\t<\/div>\n\t\t\t\t\t\t<\/div>\n\t\t\t\t\t<\/div>\n\t\t<\/div>\n\t\t\t\t<div class=\"elementor-column elementor-col-33 elementor-top-column elementor-element elementor-element-439f941\" data-id=\"439f941\" data-element_type=\"column\">\n\t\t\t<div class=\"elementor-column-wrap\">\n\t\t\t\t\t\t\t<div class=\"elementor-widget-wrap\">\n\t\t\t\t\t\t\t\t<\/div>\n\t\t\t\t\t<\/div>\n\t\t<\/div>\n\t\t\t\t<div class=\"elementor-column elementor-col-33 elementor-top-column elementor-element elementor-element-cecd35c\" data-id=\"cecd35c\" data-element_type=\"column\">\n\t\t\t<div class=\"elementor-column-wrap elementor-element-populated\">\n\t\t\t\t\t\t\t<div class=\"elementor-widget-wrap\">\n\t\t\t\t\t\t<div class=\"elementor-element elementor-element-6ce8a40 elementor-widget elementor-widget-heading\" data-id=\"6ce8a40\" data-element_type=\"widget\" data-widget_type=\"heading.default\">\n\t\t\t\t<div class=\"elementor-widget-container\">\n\t\t\t<h5 class=\"elementor-heading-title elementor-size-default\">Odwied\u017a nas na Facebooku<\/h5>\t\t<\/div>\n\t\t\t\t<\/div>\n\t\t\t\t<div class=\"elementor-element elementor-element-caa513d elementor-align-center elementor-widget elementor-widget-lottie\" data-id=\"caa513d\" data-element_type=\"widget\" data-settings=\"{&quot;source_json&quot;:{&quot;url&quot;:&quot;https:\\\/\\\/klinika-weterynaryjna.com\\\/wp-content\\\/uploads\\\/2021\\\/03\\\/Logo_facebooka_animowane.json&quot;,&quot;id&quot;:14968},&quot;link_to&quot;:&quot;custom&quot;,&quot;custom_link&quot;:{&quot;url&quot;:&quot;https:\\\/\\\/www.facebook.com\\\/ambulansweterynaryjny&quot;,&quot;is_external&quot;:&quot;&quot;,&quot;nofollow&quot;:&quot;&quot;,&quot;custom_attributes&quot;:&quot;&quot;},&quot;trigger&quot;:&quot;on_hover&quot;,&quot;source&quot;:&quot;media_file&quot;,&quot;caption_source&quot;:&quot;none&quot;,&quot;on_hover_out&quot;:&quot;default&quot;,&quot;hover_area&quot;:&quot;animation&quot;,&quot;play_speed&quot;:{&quot;unit&quot;:&quot;px&quot;,&quot;size&quot;:1,&quot;sizes&quot;:[]},&quot;start_point&quot;:{&quot;unit&quot;:&quot;%&quot;,&quot;size&quot;:&quot;0&quot;,&quot;sizes&quot;:[]},&quot;end_point&quot;:{&quot;unit&quot;:&quot;%&quot;,&quot;size&quot;:&quot;100&quot;,&quot;sizes&quot;:[]},&quot;renderer&quot;:&quot;svg&quot;}\" data-widget_type=\"lottie.default\">\n\t\t\t\t<div class=\"elementor-widget-container\">\n\t\t\t<a class=\"e-lottie__container__link\" href=\"https:\/\/www.facebook.com\/ambulansweterynaryjny\"><div class=\"e-lottie__container\"><div class=\"e-lottie__animation\"><\/div><\/div><\/a>\t\t<\/div>\n\t\t\t\t<\/div>\n\t\t\t\t<div class=\"elementor-element elementor-element-b9a474f elementor-widget elementor-widget-image\" data-id=\"b9a474f\" data-element_type=\"widget\" data-widget_type=\"image.default\">\n\t\t\t\t<div class=\"elementor-widget-container\">\n\t\t\t\t\t\t\t\t<div class=\"elementor-image\">\n\t\t\t\t\t\t\t\t\t\t\t\t<img loading=\"lazy\" decoding=\"async\" width=\"640\" height=\"360\" src=\"https:\/\/klinika-weterynaryjna.com\/wp-content\/uploads\/2021\/03\/Ambulans_1-1024x576.jpg\" class=\"attachment-large size-large\" alt=\"\" srcset=\"https:\/\/klinika-weterynaryjna.com\/wp-content\/uploads\/2021\/03\/Ambulans_1-1024x576.jpg 1024w, https:\/\/klinika-weterynaryjna.com\/wp-content\/uploads\/2021\/03\/Ambulans_1-300x169.jpg 300w, https:\/\/klinika-weterynaryjna.com\/wp-content\/uploads\/2021\/03\/Ambulans_1-768x432.jpg 768w, https:\/\/klinika-weterynaryjna.com\/wp-content\/uploads\/2021\/03\/Ambulans_1-1536x864.jpg 1536w, https:\/\/klinika-weterynaryjna.com\/wp-content\/uploads\/2021\/03\/Ambulans_1.jpg 1776w\" sizes=\"auto, (max-width: 640px) 100vw, 640px\" \/>\t\t\t\t\t\t\t\t\t\t\t\t\t\t<\/div>\n\t\t\t\t\t\t<\/div>\n\t\t\t\t<\/div>\n\t\t\t\t<div class=\"elementor-element elementor-element-fc319d6 elementor-widget elementor-widget-image\" data-id=\"fc319d6\" data-element_type=\"widget\" data-widget_type=\"image.default\">\n\t\t\t\t<div class=\"elementor-widget-container\">\n\t\t\t\t\t\t\t\t<div class=\"elementor-image\">\n\t\t\t\t\t\t\t\t\t\t\t\t<img loading=\"lazy\" decoding=\"async\" width=\"640\" height=\"480\" src=\"https:\/\/klinika-weterynaryjna.com\/wp-content\/uploads\/2021\/03\/Ambulans_2-1024x768.jpg\" class=\"attachment-large size-large\" alt=\"\" srcset=\"https:\/\/klinika-weterynaryjna.com\/wp-content\/uploads\/2021\/03\/Ambulans_2-1024x768.jpg 1024w, https:\/\/klinika-weterynaryjna.com\/wp-content\/uploads\/2021\/03\/Ambulans_2-300x225.jpg 300w, https:\/\/klinika-weterynaryjna.com\/wp-content\/uploads\/2021\/03\/Ambulans_2-768x576.jpg 768w, https:\/\/klinika-weterynaryjna.com\/wp-content\/uploads\/2021\/03\/Ambulans_2-600x450.jpg 600w, https:\/\/klinika-weterynaryjna.com\/wp-content\/uploads\/2021\/03\/Ambulans_2.jpg 1032w\" sizes=\"auto, (max-width: 640px) 100vw, 640px\" \/>\t\t\t\t\t\t\t\t\t\t\t\t\t\t<\/div>\n\t\t\t\t\t\t<\/div>\n\t\t\t\t<\/div>\n\t\t\t\t<div class=\"elementor-element elementor-element-80bbdeb elementor-widget elementor-widget-image\" data-id=\"80bbdeb\" data-element_type=\"widget\" data-widget_type=\"image.default\">\n\t\t\t\t<div class=\"elementor-widget-container\">\n\t\t\t\t\t\t\t\t<div class=\"elementor-image\">\n\t\t\t\t\t\t\t\t\t\t\t\t<img loading=\"lazy\" decoding=\"async\" width=\"468\" height=\"700\" src=\"https:\/\/klinika-weterynaryjna.com\/wp-content\/uploads\/2021\/03\/Ambulans_3.jpg\" class=\"attachment-large size-large\" alt=\"\" srcset=\"https:\/\/klinika-weterynaryjna.com\/wp-content\/uploads\/2021\/03\/Ambulans_3.jpg 468w, https:\/\/klinika-weterynaryjna.com\/wp-content\/uploads\/2021\/03\/Ambulans_3-201x300.jpg 201w\" sizes=\"auto, (max-width: 468px) 100vw, 468px\" \/>\t\t\t\t\t\t\t\t\t\t\t\t\t\t<\/div>\n\t\t\t\t\t\t<\/div>\n\t\t\t\t<\/div>\n\t\t\t\t\t\t<\/div>\n\t\t\t\t\t<\/div>\n\t\t<\/div>\n\t\t\t\t\t\t\t\t<\/div>\n\t\t\t\t\t<\/div>\n\t\t<\/section>\n\t\t\t\t<section data-particle_enable=\"false\" data-particle-mobile-disabled=\"false\" class=\"elementor-section elementor-top-section elementor-element elementor-element-2e9e5b8 elementor-section-boxed elementor-section-height-default elementor-section-height-default\" data-id=\"2e9e5b8\" data-element_type=\"section\">\n\t\t\t\t\t\t<div class=\"elementor-container elementor-column-gap-default\">\n\t\t\t\t\t\t\t<div class=\"elementor-row\">\n\t\t\t\t\t<div class=\"elementor-column elementor-col-100 elementor-top-column elementor-element elementor-element-c07b4fe\" data-id=\"c07b4fe\" data-element_type=\"column\">\n\t\t\t<div class=\"elementor-column-wrap elementor-element-populated\">\n\t\t\t\t\t\t\t<div class=\"elementor-widget-wrap\">\n\t\t\t\t\t\t<div class=\"elementor-element elementor-element-acd69c8 elementor-widget elementor-widget-spacer\" data-id=\"acd69c8\" data-element_type=\"widget\" data-widget_type=\"spacer.default\">\n\t\t\t\t<div class=\"elementor-widget-container\">\n\t\t\t\t\t<div class=\"elementor-spacer\">\n\t\t\t<div class=\"elementor-spacer-inner\"><\/div>\n\t\t<\/div>\n\t\t\t\t<\/div>\n\t\t\t\t<\/div>\n\t\t\t\t\t\t<\/div>\n\t\t\t\t\t<\/div>\n\t\t<\/div>\n\t\t\t\t\t\t\t\t<\/div>\n\t\t\t\t\t<\/div>\n\t\t<\/section>\n\t\t\t\t\t\t<\/div>\n\t\t\t\t\t\t<\/div>\n\t\t\t\t\t<\/div>\n\t\t","protected":false},"excerpt":{"rendered":"<p>Wizyty domowe Nasze lokalizacje Kontakt z nami Realizujemy leczenie w najmniej stresuj\u0105cym miejscu. Gdy Tw\u00f3j pupil jest bardzo emocjonalny i wizyta w gabinecie weterynaryjnym kosztuje go du\u017co stresu, lub nie masz jak dojecha\u0107, lub chcesz \u017ceby ostatnie po\u017cegnanie odby\u0142o si\u0119&#8230;<\/p>\n","protected":false},"author":1,"featured_media":0,"parent":0,"menu_order":0,"comment_status":"closed","ping_status":"closed","template":"elementor_header_footer","meta":{"footnotes":""},"class_list":["post-14789","page","type-page","status-publish","hentry"],"_links":{"self":[{"href":"https:\/\/klinika-weterynaryjna.com\/index.php\/wp-json\/wp\/v2\/pages\/14789","targetHints":{"allow":["GET"]}}],"collection":[{"href":"https:\/\/klinika-weterynaryjna.com\/index.php\/wp-json\/wp\/v2\/pages"}],"about":[{"href":"https:\/\/klinika-weterynaryjna.com\/index.php\/wp-json\/wp\/v2\/types\/page"}],"author":[{"embeddable":true,"href":"https:\/\/klinika-weterynaryjna.com\/index.php\/wp-json\/wp\/v2\/users\/1"}],"replies":[{"embeddable":true,"href":"https:\/\/klinika-weterynaryjna.com\/index.php\/wp-json\/wp\/v2\/comments?post=14789"}],"version-history":[{"count":112,"href":"https:\/\/klinika-weterynaryjna.com\/index.php\/wp-json\/wp\/v2\/pages\/14789\/revisions"}],"predecessor-version":[{"id":15375,"href":"https:\/\/klinika-weterynaryjna.com\/index.php\/wp-json\/wp\/v2\/pages\/14789\/revisions\/15375"}],"wp:attachment":[{"href":"https:\/\/klinika-weterynaryjna.com\/index.php\/wp-json\/wp\/v2\/media?parent=14789"}],"curies":[{"name":"wp","href":"https:\/\/api.w.org\/{rel}","templated":true}]}}