{"id":15380,"date":"2023-07-22T23:21:15","date_gmt":"2023-07-22T21:21:15","guid":{"rendered":"https:\/\/klinika-weterynaryjna.com\/?page_id=15380"},"modified":"2023-07-22T23:47:22","modified_gmt":"2023-07-22T21:47:22","slug":"tomografia-komputerowa","status":"publish","type":"page","link":"https:\/\/klinika-weterynaryjna.com\/index.php\/tomografia-komputerowa\/","title":{"rendered":"Tomografia komputerowa"},"content":{"rendered":"\t\t<div data-elementor-type=\"wp-page\" data-elementor-id=\"15380\" class=\"elementor elementor-15380\" data-elementor-settings=\"[]\">\n\t\t\t\t\t\t<div class=\"elementor-inner\">\n\t\t\t\t\t\t\t<div class=\"elementor-section-wrap\">\n\t\t\t\t\t\t\t<section data-particle_enable=\"false\" data-particle-mobile-disabled=\"false\" class=\"elementor-section elementor-top-section elementor-element elementor-element-5693241 elementor-section-boxed elementor-section-height-default elementor-section-height-default\" data-id=\"5693241\" data-element_type=\"section\">\n\t\t\t\t\t\t<div class=\"elementor-container elementor-column-gap-default\">\n\t\t\t\t\t\t\t<div class=\"elementor-row\">\n\t\t\t\t\t<div class=\"elementor-column elementor-col-100 elementor-top-column elementor-element elementor-element-fe4b87c\" data-id=\"fe4b87c\" data-element_type=\"column\">\n\t\t\t<div class=\"elementor-column-wrap elementor-element-populated\">\n\t\t\t\t\t\t\t<div class=\"elementor-widget-wrap\">\n\t\t\t\t\t\t<div class=\"elementor-element elementor-element-7b9b77a elementor-widget elementor-widget-text-editor\" data-id=\"7b9b77a\" data-element_type=\"widget\" data-widget_type=\"text-editor.default\">\n\t\t\t\t<div class=\"elementor-widget-container\">\n\t\t\t\t\t\t\t\t<div class=\"elementor-text-editor elementor-clearfix\">\n\t\t\t\t<p>Badanie TK jest bezbolesn\u0105 i bezinwazyjn\u0105 technik\u0105 diagnostyki obrazowej, kt\u00f3re w przypadku zwierz\u0105t wykonywane jest w znieczuleniu.<br \/>Zasada obrazowania jest w tym przypadku dok\u0142adnie taka sama, jak w RTG. Przewaga tej metody nad zwyk\u0142ymi zdj\u0119ciami rentgenowskimi polega na tym, \u017ce umo\u017cliwia ona wykonanie ca\u0142ej serii zdj\u0119\u0107 w wielu p\u0142aszczyznach, a za pomoc\u0105 specjalnych rekonstrukcji,\u00a0lekarz mo\u017ce obserwowa\u0107 r\u00f3\u017cne przekroje oraz warstwy cia\u0142a pacjenta.<br \/>Dzi\u0119ki zastosowaniu tomografii komputerowej\u00a0mo\u017cliwe jest dok\u0142adne poznanie obra\u017ce\u0144, zmian chorobowych, a tak\u017ce wygl\u0105du narz\u0105d\u00f3w i struktur w organizmie pacjenta.\u00a0<\/p><p>Jak przygotowa\u0107 zwierzaka do badania?<br \/>W dniu badania zwierz\u0119 powinno by\u0107 na czczo, tj. ostatni posi\u0142ek podajemy mu nie p\u00f3\u017aniej ni\u017c na 8 godzin przed planowanym badaniem, a wod\u0119 nie p\u00f3\u017aniej ni\u017c na 2 godziny przed badaniem.<br \/>W zwi\u0105zku z tym, \u017ce badanie wykonywane jest w znieczuleniu, zwierz\u0119 musi mie\u0107 wykonane badanie krwi, zalecane jest r\u00f3wnie\u017c badanie kardiologiczne, zw\u0142aszcza u starszych pacjent\u00f3w.<br \/>Wszystkie badania mo\u017cna wykona\u0107 w naszej klinice.<br \/>Prosimy o wcze\u015bniejszy kontakt tel. \u00a0618107650<\/p>\t\t\t\t\t<\/div>\n\t\t\t\t\t\t<\/div>\n\t\t\t\t<\/div>\n\t\t\t\t\t\t<\/div>\n\t\t\t\t\t<\/div>\n\t\t<\/div>\n\t\t\t\t\t\t\t\t<\/div>\n\t\t\t\t\t<\/div>\n\t\t<\/section>\n\t\t\t\t\t\t<\/div>\n\t\t\t\t\t\t<\/div>\n\t\t\t\t\t<\/div>\n\t\t","protected":false},"excerpt":{"rendered":"<p>Badanie TK jest bezbolesn\u0105 i bezinwazyjn\u0105 technik\u0105 diagnostyki obrazowej, kt\u00f3re w przypadku zwierz\u0105t wykonywane jest w znieczuleniu.Zasada obrazowania jest w tym przypadku dok\u0142adnie taka sama, jak w RTG. Przewaga tej metody nad zwyk\u0142ymi zdj\u0119ciami rentgenowskimi polega na tym, \u017ce umo\u017cliwia&#8230;<\/p>\n","protected":false},"author":1,"featured_media":0,"parent":0,"menu_order":0,"comment_status":"closed","ping_status":"closed","template":"","meta":{"footnotes":""},"class_list":["post-15380","page","type-page","status-publish","hentry"],"_links":{"self":[{"href":"https:\/\/klinika-weterynaryjna.com\/index.php\/wp-json\/wp\/v2\/pages\/15380","targetHints":{"allow":["GET"]}}],"collection":[{"href":"https:\/\/klinika-weterynaryjna.com\/index.php\/wp-json\/wp\/v2\/pages"}],"about":[{"href":"https:\/\/klinika-weterynaryjna.com\/index.php\/wp-json\/wp\/v2\/types\/page"}],"author":[{"embeddable":true,"href":"https:\/\/klinika-weterynaryjna.com\/index.php\/wp-json\/wp\/v2\/users\/1"}],"replies":[{"embeddable":true,"href":"https:\/\/klinika-weterynaryjna.com\/index.php\/wp-json\/wp\/v2\/comments?post=15380"}],"version-history":[{"count":10,"href":"https:\/\/klinika-weterynaryjna.com\/index.php\/wp-json\/wp\/v2\/pages\/15380\/revisions"}],"predecessor-version":[{"id":15419,"href":"https:\/\/klinika-weterynaryjna.com\/index.php\/wp-json\/wp\/v2\/pages\/15380\/revisions\/15419"}],"wp:attachment":[{"href":"https:\/\/klinika-weterynaryjna.com\/index.php\/wp-json\/wp\/v2\/media?parent=15380"}],"curies":[{"name":"wp","href":"https:\/\/api.w.org\/{rel}","templated":true}]}}