{"id":15382,"date":"2023-07-22T23:22:21","date_gmt":"2023-07-22T21:22:21","guid":{"rendered":"https:\/\/klinika-weterynaryjna.com\/?page_id=15382"},"modified":"2023-07-22T23:59:26","modified_gmt":"2023-07-22T21:59:26","slug":"pracownia-groomerska","status":"publish","type":"page","link":"https:\/\/klinika-weterynaryjna.com\/index.php\/pracownia-groomerska\/","title":{"rendered":"Pracownia groomerska"},"content":{"rendered":"\t\t<div data-elementor-type=\"wp-page\" data-elementor-id=\"15382\" class=\"elementor elementor-15382\" data-elementor-settings=\"[]\">\n\t\t\t\t\t\t<div class=\"elementor-inner\">\n\t\t\t\t\t\t\t<div class=\"elementor-section-wrap\">\n\t\t\t\t\t\t\t<section data-particle_enable=\"false\" data-particle-mobile-disabled=\"false\" class=\"elementor-section elementor-top-section elementor-element elementor-element-198a490 elementor-section-boxed elementor-section-height-default elementor-section-height-default\" data-id=\"198a490\" data-element_type=\"section\">\n\t\t\t\t\t\t<div class=\"elementor-container elementor-column-gap-default\">\n\t\t\t\t\t\t\t<div class=\"elementor-row\">\n\t\t\t\t\t<div class=\"elementor-column elementor-col-100 elementor-top-column elementor-element elementor-element-da4f572\" data-id=\"da4f572\" data-element_type=\"column\">\n\t\t\t<div class=\"elementor-column-wrap elementor-element-populated\">\n\t\t\t\t\t\t\t<div class=\"elementor-widget-wrap\">\n\t\t\t\t\t\t<div class=\"elementor-element elementor-element-4796550 elementor-widget elementor-widget-text-editor\" data-id=\"4796550\" data-element_type=\"widget\" data-widget_type=\"text-editor.default\">\n\t\t\t\t<div class=\"elementor-widget-container\">\n\t\t\t\t\t\t\t\t<div class=\"elementor-text-editor elementor-clearfix\">\n\t\t\t\t<p>Oferujemy kompleksowe us\u0142ugi strzy\u017cenia i piel\u0119gnacji zwierz\u0105t oraz konsultacje weterynaryjne i porady z zakresu dermatologii i endokrynologii.<br \/>Do ka\u017cdego pupila podchodzimy indywidualnie oraz z wielk\u0105 staranno\u015bci\u0105.<br \/>Najwa\u017cniejszy jest jego komfort.<br \/>Zawsze uwa\u017cnie s\u0142uchamy, czego oczekuje w\u0142a\u015bciciel. Wsp\u00f3lnie dobierzemy najbardziej odpowiedni\u0105 fryzur\u0119 i piel\u0119gnacje.<br \/>W celu um\u00f3wienia wizyty prosimy o kontakt pod nr tel. do Groomera: 881 180 300 lub : 618107650<\/p>\t\t\t\t\t<\/div>\n\t\t\t\t\t\t<\/div>\n\t\t\t\t<\/div>\n\t\t\t\t\t\t<\/div>\n\t\t\t\t\t<\/div>\n\t\t<\/div>\n\t\t\t\t\t\t\t\t<\/div>\n\t\t\t\t\t<\/div>\n\t\t<\/section>\n\t\t\t\t\t\t<\/div>\n\t\t\t\t\t\t<\/div>\n\t\t\t\t\t<\/div>\n\t\t","protected":false},"excerpt":{"rendered":"<p>Oferujemy kompleksowe us\u0142ugi strzy\u017cenia i piel\u0119gnacji zwierz\u0105t oraz konsultacje weterynaryjne i porady z zakresu dermatologii i endokrynologii.Do ka\u017cdego pupila podchodzimy indywidualnie oraz z wielk\u0105 staranno\u015bci\u0105.Najwa\u017cniejszy jest jego komfort.Zawsze uwa\u017cnie s\u0142uchamy, czego oczekuje w\u0142a\u015bciciel. Wsp\u00f3lnie dobierzemy najbardziej odpowiedni\u0105 fryzur\u0119 i piel\u0119gnacje.W&#8230;<\/p>\n","protected":false},"author":1,"featured_media":0,"parent":0,"menu_order":0,"comment_status":"closed","ping_status":"closed","template":"","meta":{"footnotes":""},"class_list":["post-15382","page","type-page","status-publish","hentry"],"_links":{"self":[{"href":"https:\/\/klinika-weterynaryjna.com\/index.php\/wp-json\/wp\/v2\/pages\/15382","targetHints":{"allow":["GET"]}}],"collection":[{"href":"https:\/\/klinika-weterynaryjna.com\/index.php\/wp-json\/wp\/v2\/pages"}],"about":[{"href":"https:\/\/klinika-weterynaryjna.com\/index.php\/wp-json\/wp\/v2\/types\/page"}],"author":[{"embeddable":true,"href":"https:\/\/klinika-weterynaryjna.com\/index.php\/wp-json\/wp\/v2\/users\/1"}],"replies":[{"embeddable":true,"href":"https:\/\/klinika-weterynaryjna.com\/index.php\/wp-json\/wp\/v2\/comments?post=15382"}],"version-history":[{"count":7,"href":"https:\/\/klinika-weterynaryjna.com\/index.php\/wp-json\/wp\/v2\/pages\/15382\/revisions"}],"predecessor-version":[{"id":15422,"href":"https:\/\/klinika-weterynaryjna.com\/index.php\/wp-json\/wp\/v2\/pages\/15382\/revisions\/15422"}],"wp:attachment":[{"href":"https:\/\/klinika-weterynaryjna.com\/index.php\/wp-json\/wp\/v2\/media?parent=15382"}],"curies":[{"name":"wp","href":"https:\/\/api.w.org\/{rel}","templated":true}]}}